{"id":137,"date":"2024-09-27T23:22:52","date_gmt":"2024-09-27T21:22:52","guid":{"rendered":"https:\/\/www.preuvignolo.cl\/web\/?page_id=137"},"modified":"2025-01-25T05:07:47","modified_gmt":"2025-01-25T04:07:47","slug":"conocenos","status":"publish","type":"page","link":"https:\/\/www.preuvignolo.cl\/web\/conocenos\/","title":{"rendered":"conocenos"},"content":{"rendered":"<p>[et_pb_section fb_built=\u00bb1&#8243; fullwidth=\u00bbon\u00bb _builder_version=\u00bb4.21.0&#8243; _module_preset=\u00bbdefault\u00bb width=\u00bb100%\u00bb module_alignment=\u00bbcenter\u00bb global_colors_info=\u00bb{}\u00bb][et_pb_fullwidth_slider _builder_version=\u00bb4.21.0&#8243; _module_preset=\u00bbdefault\u00bb header_font=\u00bb|700|||||||\u00bb text_orientation=\u00bbleft\u00bb module_alignment=\u00bbleft\u00bb animation_style=\u00bbfade\u00bb animation_direction=\u00bbleft\u00bb auto=\u00bbon\u00bb hover_enabled=\u00bb0&#8243; global_colors_info=\u00bb{}\u00bb sticky_enabled=\u00bb0&#8243;][et_pb_slide heading=\u00bb50 a\u00f1os en el Gran Concepci\u00f3n\u00bb use_bg_overlay=\u00bbon\u00bb _builder_version=\u00bb4.21.0&#8243; _module_preset=\u00bbdefault\u00bb header_font=\u00bbSora|600|||||||\u00bb header_text_align=\u00bbcenter\u00bb header_font_size=\u00bb55px\u00bb header_letter_spacing=\u00bb-1px\u00bb body_font=\u00bbSora|700||on|||||\u00bb body_font_size=\u00bb63px\u00bb body_line_height=\u00bb1em\u00bb background_image=\u00bbhttps:\/\/www.preuvignolo.cl\/web\/wp-content\/uploads\/2024\/12\/bg-programas-1.jpg\u00bb background_enable_image=\u00bbon\u00bb custom_button=\u00bbon\u00bb button_text_size=\u00bb20px\u00bb button_border_width=\u00bb0px\u00bb button_border_radius=\u00bb0px\u00bb button_letter_spacing=\u00bb1px\u00bb button_font=\u00bbSora|500|||||||\u00bb button_icon=\u00bb&#xf067;||fa||900&#8243; button_icon_placement=\u00bbleft\u00bb button_on_hover=\u00bbon\u00bb button_custom_margin=\u00bb||||false|false\u00bb button_custom_padding=\u00bb15px||15px||false|false\u00bb custom_padding=\u00bb||||false|false\u00bb hover_enabled=\u00bb0&#8243; header_text_shadow_style=\u00bbpreset2&#8243; header_text_shadow_color=\u00bbRGBA(255,255,255,0)\u00bb body_text_shadow_style=\u00bbpreset2&#8243; body_text_shadow_color=\u00bbRGBA(255,255,255,0)\u00bb global_colors_info=\u00bb{}\u00bb button_bg_color__hover_enabled=\u00bbon|hover\u00bb button_bg_color__hover=\u00bbRGBA(255,255,255,0)\u00bb button_bg_enable_color__hover=\u00bbon\u00bb sticky_transition=\u00bbon\u00bb header_font_size_last_edited=\u00bbon|phone\u00bb sticky_enabled=\u00bb0&#8243; header_font_size_phone=\u00bb34px\u00bb header_font_size_tablet=\u00bb55px\u00bb][\/et_pb_slide][et_pb_slide heading=\u00bb50 a\u00f1os en el Gran Concepci\u00f3n\u00bb use_bg_overlay=\u00bbon\u00bb _builder_version=\u00bb4.21.0&#8243; _module_preset=\u00bbdefault\u00bb header_font=\u00bbSora|600|||||||\u00bb header_text_align=\u00bbcenter\u00bb header_font_size=\u00bb55px\u00bb header_letter_spacing=\u00bb-1px\u00bb body_font=\u00bbSora|700||on|||||\u00bb body_font_size=\u00bb63px\u00bb body_line_height=\u00bb1em\u00bb background_image=\u00bbhttps:\/\/www.preuvignolo.cl\/web\/wp-content\/uploads\/2025\/01\/bg-programas2.jpg\u00bb background_enable_image=\u00bbon\u00bb custom_button=\u00bbon\u00bb button_text_size=\u00bb20px\u00bb button_border_width=\u00bb0px\u00bb button_border_radius=\u00bb0px\u00bb button_letter_spacing=\u00bb1px\u00bb button_font=\u00bbSora|500|||||||\u00bb button_icon=\u00bb&#xf067;||fa||900&#8243; button_icon_placement=\u00bbleft\u00bb button_on_hover=\u00bbon\u00bb button_custom_margin=\u00bb||||false|false\u00bb button_custom_padding=\u00bb15px||15px||false|false\u00bb custom_padding=\u00bb||||false|false\u00bb hover_enabled=\u00bb0&#8243; header_text_shadow_style=\u00bbpreset2&#8243; header_text_shadow_color=\u00bbRGBA(255,255,255,0)\u00bb body_text_shadow_style=\u00bbpreset2&#8243; body_text_shadow_color=\u00bbRGBA(255,255,255,0)\u00bb global_colors_info=\u00bb{}\u00bb button_bg_color__hover_enabled=\u00bbon|hover\u00bb button_bg_color__hover=\u00bbRGBA(255,255,255,0)\u00bb button_bg_enable_color__hover=\u00bbon\u00bb sticky_transition=\u00bbon\u00bb header_font_size_last_edited=\u00bbon|phone\u00bb sticky_enabled=\u00bb0&#8243; header_font_size_phone=\u00bb34px\u00bb header_font_size_tablet=\u00bb55px\u00bb][\/et_pb_slide][\/et_pb_fullwidth_slider][\/et_pb_section][et_pb_section fb_built=\u00bb1&#8243; _builder_version=\u00bb4.21.0&#8243; _module_preset=\u00bbdefault\u00bb background_color=\u00bb#FFFFFF\u00bb global_colors_info=\u00bb{}\u00bb][et_pb_row _builder_version=\u00bb4.21.0&#8243; _module_preset=\u00bbdefault\u00bb custom_padding=\u00bb77px|||||\u00bb global_colors_info=\u00bb{}\u00bb][et_pb_column type=\u00bb4_4&#8243; _builder_version=\u00bb4.21.0&#8243; _module_preset=\u00bbdefault\u00bb global_colors_info=\u00bb{}\u00bb][et_pb_text _builder_version=\u00bb4.21.0&#8243; _module_preset=\u00bbdefault\u00bb text_font=\u00bbSora|500|||||||\u00bb text_text_color=\u00bb#000000&#8243; text_font_size=\u00bb41px\u00bb text_line_height=\u00bb0.9em\u00bb custom_margin=\u00bb||12px|||\u00bb hover_enabled=\u00bb0&#8243; global_colors_info=\u00bb{}\u00bb text_font_size_last_edited=\u00bbon|phone\u00bb sticky_enabled=\u00bb0&#8243; text_font_size_phone=\u00bb33px\u00bb text_font_size_tablet=\u00bb41px\u00bb]<\/p>\n<p>Somos un Preu<br \/>con alma penquista<\/p>\n<p>[\/et_pb_text][\/et_pb_column][\/et_pb_row][et_pb_row column_structure=\u00bb1_2,1_2&#8243; _builder_version=\u00bb4.21.0&#8243; _module_preset=\u00bbdefault\u00bb global_colors_info=\u00bb{}\u00bb][et_pb_column type=\u00bb1_2&#8243; _builder_version=\u00bb4.21.0&#8243; _module_preset=\u00bbdefault\u00bb global_colors_info=\u00bb{}\u00bb][et_pb_text _builder_version=\u00bb4.21.0&#8243; _module_preset=\u00bbdefault\u00bb text_font=\u00bbSora|300|||||||\u00bb text_text_color=\u00bb#000000&#8243; text_font_size=\u00bb17px\u00bb text_line_height=\u00bb1.5em\u00bb width=\u00bb91%\u00bb custom_margin=\u00bb5px||||false|false\u00bb global_colors_info=\u00bb{}\u00bb]<\/p>\n<p><span>Somos el preuniversitario con m\u00e1s trayectoria en la Octava Regi\u00f3n, desde 1974 nos hemos comprometido a preparar con excelencia a estudiantes de ense\u00f1anza media y egresados, trabajando en potenciar sus habilidades cognitivas, con un fuerte apoyo vocacional que les permita enfrentar de la mejor manera sus propios desaf\u00edos.<\/p>\n<p><\/span><span>Nuestra inspiraci\u00f3n se basa en los 52 puntajes nacionales que hemos obtenido, la excelencia de nuestros docentes, quienes elaboran material que se actualiza peri\u00f3dicamente seg\u00fan los temarios exigidos y la constante b\u00fasqueda de nuevas herramientas a la vanguardia de la era digital, lo que permite que nuestros estudiantes est\u00e9n preparados para los retos que presenta el futuro.<\/span><\/p>\n<p>[\/et_pb_text][\/et_pb_column][et_pb_column type=\u00bb1_2&#8243; _builder_version=\u00bb4.21.0&#8243; _module_preset=\u00bbdefault\u00bb global_colors_info=\u00bb{}\u00bb][\/et_pb_column][\/et_pb_row][et_pb_row column_structure=\u00bb1_2,1_2&#8243; _builder_version=\u00bb4.21.0&#8243; _module_preset=\u00bbdefault\u00bb global_colors_info=\u00bb{}\u00bb][et_pb_column type=\u00bb1_2&#8243; _builder_version=\u00bb4.21.0&#8243; _module_preset=\u00bbdefault\u00bb global_colors_info=\u00bb{}\u00bb][\/et_pb_column][et_pb_column type=\u00bb1_2&#8243; _builder_version=\u00bb4.21.0&#8243; _module_preset=\u00bbdefault\u00bb global_colors_info=\u00bb{}\u00bb][\/et_pb_column][\/et_pb_row][\/et_pb_section][et_pb_section fb_built=\u00bb1&#8243; _builder_version=\u00bb4.21.0&#8243; _module_preset=\u00bbdefault\u00bb background_color=\u00bb#fe6525&#8243; custom_padding=\u00bb74px|||||\u00bb global_colors_info=\u00bb{}\u00bb][et_pb_row column_structure=\u00bb1_2,1_2&#8243; _builder_version=\u00bb4.21.0&#8243; _module_preset=\u00bbdefault\u00bb custom_margin=\u00bb|auto|32px|auto||\u00bb global_colors_info=\u00bb{}\u00bb][et_pb_column type=\u00bb1_2&#8243; _builder_version=\u00bb4.21.0&#8243; _module_preset=\u00bbdefault\u00bb global_colors_info=\u00bb{}\u00bb][et_pb_text _builder_version=\u00bb4.21.0&#8243; _module_preset=\u00bbdefault\u00bb text_font=\u00bbSora|600|||||||\u00bb text_text_color=\u00bb#FFFFFF\u00bb text_font_size=\u00bb38px\u00bb text_line_height=\u00bb1.2em\u00bb width=\u00bb91%\u00bb custom_margin=\u00bb5px||||false|false\u00bb hover_enabled=\u00bb0&#8243; global_colors_info=\u00bb{}\u00bb text_font_size_last_edited=\u00bbon|phone\u00bb sticky_enabled=\u00bb0&#8243; text_font_size_phone=\u00bb24px\u00bb custom_padding=\u00bb||0px||false|false\u00bb text_font_size_tablet=\u00bb38px\u00bb]<\/p>\n<p><strong>Trabajamos con profesores expertos en la PAES y comprometidos con el aprendizaje de nuestros estudiantes<\/strong><\/p>\n<p>[\/et_pb_text][\/et_pb_column][et_pb_column type=\u00bb1_2&#8243; _builder_version=\u00bb4.21.0&#8243; _module_preset=\u00bbdefault\u00bb global_colors_info=\u00bb{}\u00bb][\/et_pb_column][\/et_pb_row][\/et_pb_section][et_pb_section fb_built=\u00bb1&#8243; _builder_version=\u00bb4.21.0&#8243; _module_preset=\u00bbdefault\u00bb background_color=\u00bb#f8f8f7&#8243; global_colors_info=\u00bb{}\u00bb][et_pb_row column_structure=\u00bb1_2,1_2&#8243; _builder_version=\u00bb4.21.0&#8243; _module_preset=\u00bbdefault\u00bb global_colors_info=\u00bb{}\u00bb][et_pb_column type=\u00bb1_2&#8243; _builder_version=\u00bb4.21.0&#8243; _module_preset=\u00bbdefault\u00bb global_colors_info=\u00bb{}\u00bb][et_pb_text _builder_version=\u00bb4.21.0&#8243; _module_preset=\u00bbdefault\u00bb text_font=\u00bbSora|500|||||||\u00bb text_text_color=\u00bb#fe6525&#8243; text_font_size=\u00bb41px\u00bb text_line_height=\u00bb1em\u00bb custom_margin=\u00bb||-39px||false|false\u00bb hover_enabled=\u00bb0&#8243; global_colors_info=\u00bb{}\u00bb text_font_size_last_edited=\u00bbon|phone\u00bb sticky_enabled=\u00bb0&#8243; text_font_size_phone=\u00bb32px\u00bb text_font_size_tablet=\u00bb41px\u00bb]<\/p>\n<p>Equipo<br \/>Preu Vignolo<\/p>\n<p>[\/et_pb_text][\/et_pb_column][et_pb_column type=\u00bb1_2&#8243; _builder_version=\u00bb4.21.0&#8243; _module_preset=\u00bbdefault\u00bb global_colors_info=\u00bb{}\u00bb][\/et_pb_column][\/et_pb_row][et_pb_row column_structure=\u00bb1_3,1_3,1_3&#8243; _builder_version=\u00bb4.21.0&#8243; _module_preset=\u00bbdefault\u00bb hover_enabled=\u00bb0&#8243; global_colors_info=\u00bb{}\u00bb custom_margin=\u00bb25px|auto||auto||\u00bb custom_padding=\u00bb59px|||||\u00bb sticky_enabled=\u00bb0&#8243;][et_pb_column type=\u00bb1_3&#8243; _builder_version=\u00bb4.21.0&#8243; _module_preset=\u00bbdefault\u00bb global_colors_info=\u00bb{}\u00bb][et_pb_text _builder_version=\u00bb4.21.0&#8243; _module_preset=\u00bbdefault\u00bb text_font=\u00bbSora|500||on|||||\u00bb text_text_color=\u00bb#000000&#8243; text_font_size=\u00bb18px\u00bb text_letter_spacing=\u00bb1px\u00bb text_line_height=\u00bb1.1em\u00bb custom_margin=\u00bb||2px|||\u00bb global_colors_info=\u00bb{}\u00bb]<\/p>\n<p><strong>COORDINADOR COMPETENCIA MATEM\u00c1TICA<\/strong><\/p>\n<p>[\/et_pb_text][et_pb_divider _builder_version=\u00bb4.21.0&#8243; _module_preset=\u00bbdefault\u00bb divider_weight=\u00bb4px\u00bb width=\u00bb43%\u00bb custom_margin=\u00bb7px||0px||false|false\u00bb hover_enabled=\u00bb0&#8243; sticky_enabled=\u00bb0&#8243;][\/et_pb_divider][et_pb_text _builder_version=\u00bb4.21.0&#8243; _module_preset=\u00bbdefault\u00bb text_font=\u00bbSora|300|||||||\u00bb text_text_color=\u00bb#000000&#8243; text_font_size=\u00bb18px\u00bb text_line_height=\u00bb1.3em\u00bb custom_margin=\u00bb||12px|||\u00bb custom_padding=\u00bb19px|||||\u00bb global_colors_info=\u00bb{}\u00bb]<\/p>\n<p><strong>Filippo Vignolo Y\u00e1\u00f1ez<\/strong><br \/>Ingeniero Civil Industrial<br \/>Mag\u00edster en Ingenier\u00eda Civil Industrial<\/p>\n<p>[\/et_pb_text][\/et_pb_column][et_pb_column type=\u00bb1_3&#8243; _builder_version=\u00bb4.21.0&#8243; _module_preset=\u00bbdefault\u00bb global_colors_info=\u00bb{}\u00bb][et_pb_text _builder_version=\u00bb4.21.0&#8243; _module_preset=\u00bbdefault\u00bb text_font=\u00bbSora|500||on|||||\u00bb text_text_color=\u00bb#000000&#8243; text_font_size=\u00bb18px\u00bb text_letter_spacing=\u00bb1px\u00bb text_line_height=\u00bb1.1em\u00bb custom_margin=\u00bb||2px|||\u00bb global_colors_info=\u00bb{}\u00bb]<\/p>\n<p><strong><span>COORDINADOR COMPETENCIA LECTORA<\/span><\/strong><\/p>\n<p>[\/et_pb_text][et_pb_divider _builder_version=\u00bb4.21.0&#8243; _module_preset=\u00bbdefault\u00bb divider_weight=\u00bb4px\u00bb width=\u00bb43%\u00bb custom_margin=\u00bb7px||0px||false|false\u00bb hover_enabled=\u00bb0&#8243; sticky_enabled=\u00bb0&#8243;][\/et_pb_divider][et_pb_text _builder_version=\u00bb4.21.0&#8243; _module_preset=\u00bbdefault\u00bb text_font=\u00bbSora|300|||||||\u00bb text_text_color=\u00bb#000000&#8243; text_font_size=\u00bb18px\u00bb text_line_height=\u00bb1.3em\u00bb custom_margin=\u00bb||12px|||\u00bb custom_padding=\u00bb19px|||||\u00bb global_colors_info=\u00bb{}\u00bb]<\/p>\n<p><strong>Adriel Torres Navarro<\/strong><br \/>Profesor de Espa\u00f1ol<br \/>Diplomado en Pedagog\u00eda<\/p>\n<p>[\/et_pb_text][\/et_pb_column][et_pb_column type=\u00bb1_3&#8243; _builder_version=\u00bb4.21.0&#8243; _module_preset=\u00bbdefault\u00bb global_colors_info=\u00bb{}\u00bb][et_pb_text _builder_version=\u00bb4.21.0&#8243; _module_preset=\u00bbdefault\u00bb text_font=\u00bbSora|500||on|||||\u00bb text_text_color=\u00bb#000000&#8243; text_font_size=\u00bb18px\u00bb text_letter_spacing=\u00bb1px\u00bb text_line_height=\u00bb1.1em\u00bb custom_margin=\u00bb||2px|||\u00bb global_colors_info=\u00bb{}\u00bb]<\/p>\n<p><strong><span>COORDINADORA <br \/>CIENCIAS<\/span><\/strong><\/p>\n<p>[\/et_pb_text][et_pb_divider _builder_version=\u00bb4.21.0&#8243; _module_preset=\u00bbdefault\u00bb divider_weight=\u00bb4px\u00bb width=\u00bb43%\u00bb custom_margin=\u00bb7px||0px||false|false\u00bb hover_enabled=\u00bb0&#8243; sticky_enabled=\u00bb0&#8243;][\/et_pb_divider][et_pb_text _builder_version=\u00bb4.21.0&#8243; _module_preset=\u00bbdefault\u00bb text_font=\u00bbSora|300|||||||\u00bb text_text_color=\u00bb#000000&#8243; text_font_size=\u00bb18px\u00bb text_line_height=\u00bb1.3em\u00bb custom_margin=\u00bb||12px|||\u00bb custom_padding=\u00bb19px|||||\u00bb global_colors_info=\u00bb{}\u00bb]<\/p>\n<p><strong>Paola Vignolo Y\u00e1\u00f1ez<br \/><\/strong>Ingeniero Civil Qu\u00edmico, Diplomado Ingenier\u00eda Ambiental<br \/>Diplomado en An\u00e1lisis y Gesti\u00f3n del Ambiente<\/p>\n<p>[\/et_pb_text][\/et_pb_column][\/et_pb_row][et_pb_row column_structure=\u00bb1_3,1_3,1_3&#8243; _builder_version=\u00bb4.21.0&#8243; _module_preset=\u00bbdefault\u00bb global_colors_info=\u00bb{}\u00bb][et_pb_column type=\u00bb1_3&#8243; _builder_version=\u00bb4.21.0&#8243; _module_preset=\u00bbdefault\u00bb global_colors_info=\u00bb{}\u00bb][et_pb_text _builder_version=\u00bb4.21.0&#8243; _module_preset=\u00bbdefault\u00bb text_font=\u00bbSora|500||on|||||\u00bb text_text_color=\u00bb#000000&#8243; text_font_size=\u00bb18px\u00bb text_letter_spacing=\u00bb1px\u00bb text_line_height=\u00bb1.1em\u00bb custom_margin=\u00bb||2px|||\u00bb global_colors_info=\u00bb{}\u00bb]<\/p>\n<p><strong><span>COORDINADORA <br \/>ACAD\u00c9MICA<\/span><\/strong><\/p>\n<p>[\/et_pb_text][et_pb_divider _builder_version=\u00bb4.21.0&#8243; _module_preset=\u00bbdefault\u00bb divider_weight=\u00bb4px\u00bb width=\u00bb43%\u00bb custom_margin=\u00bb7px||0px||false|false\u00bb hover_enabled=\u00bb0&#8243; sticky_enabled=\u00bb0&#8243;][\/et_pb_divider][et_pb_text _builder_version=\u00bb4.21.0&#8243; _module_preset=\u00bbdefault\u00bb text_font=\u00bbSora|300|||||||\u00bb text_text_color=\u00bb#000000&#8243; text_font_size=\u00bb18px\u00bb text_line_height=\u00bb1.3em\u00bb custom_margin=\u00bb||12px|||\u00bb custom_padding=\u00bb19px|||||\u00bb global_colors_info=\u00bb{}\u00bb]<\/p>\n<p><strong><span>Paola Vignolo Y\u00e1\u00f1ez<\/span><\/strong><\/p>\n<p>[\/et_pb_text][\/et_pb_column][et_pb_column type=\u00bb1_3&#8243; _builder_version=\u00bb4.21.0&#8243; _module_preset=\u00bbdefault\u00bb global_colors_info=\u00bb{}\u00bb][et_pb_text _builder_version=\u00bb4.21.0&#8243; _module_preset=\u00bbdefault\u00bb text_font=\u00bbSora|500||on|||||\u00bb text_text_color=\u00bb#000000&#8243; text_font_size=\u00bb18px\u00bb text_letter_spacing=\u00bb1px\u00bb text_line_height=\u00bb1.1em\u00bb custom_margin=\u00bb||2px|||\u00bb global_colors_info=\u00bb{}\u00bb]<\/p>\n<p><strong><span>SUBDIRECTOR <br \/>ECON\u00d3MICO<\/span><\/strong><\/p>\n<p>[\/et_pb_text][et_pb_divider _builder_version=\u00bb4.21.0&#8243; _module_preset=\u00bbdefault\u00bb divider_weight=\u00bb4px\u00bb width=\u00bb43%\u00bb custom_margin=\u00bb7px||0px||false|false\u00bb hover_enabled=\u00bb0&#8243; sticky_enabled=\u00bb0&#8243;][\/et_pb_divider][et_pb_text _builder_version=\u00bb4.21.0&#8243; _module_preset=\u00bbdefault\u00bb text_font=\u00bbSora|300|||||||\u00bb text_text_color=\u00bb#000000&#8243; text_font_size=\u00bb18px\u00bb text_line_height=\u00bb1.3em\u00bb custom_margin=\u00bb||12px|||\u00bb custom_padding=\u00bb19px|||||\u00bb global_colors_info=\u00bb{}\u00bb]<\/p>\n<p><strong>Eduardo Vignolo Y\u00e1\u00f1ez<\/strong><\/p>\n<p>[\/et_pb_text][\/et_pb_column][et_pb_column type=\u00bb1_3&#8243; _builder_version=\u00bb4.21.0&#8243; _module_preset=\u00bbdefault\u00bb global_colors_info=\u00bb{}\u00bb][et_pb_text _builder_version=\u00bb4.21.0&#8243; _module_preset=\u00bbdefault\u00bb text_font=\u00bbSora|500||on|||||\u00bb text_text_color=\u00bb#000000&#8243; text_font_size=\u00bb18px\u00bb text_letter_spacing=\u00bb1px\u00bb text_line_height=\u00bb1.1em\u00bb custom_margin=\u00bb||2px|||\u00bb global_colors_info=\u00bb{}\u00bb]<\/p>\n<p><strong><span>DIRECTOR<\/span><\/strong><\/p>\n<p>[\/et_pb_text][et_pb_divider _builder_version=\u00bb4.21.0&#8243; _module_preset=\u00bbdefault\u00bb divider_weight=\u00bb4px\u00bb width=\u00bb43%\u00bb custom_margin=\u00bb7px||0px||false|false\u00bb hover_enabled=\u00bb0&#8243; sticky_enabled=\u00bb0&#8243;][\/et_pb_divider][et_pb_text _builder_version=\u00bb4.21.0&#8243; _module_preset=\u00bbdefault\u00bb text_font=\u00bbSora|300|||||||\u00bb text_text_color=\u00bb#000000&#8243; text_font_size=\u00bb18px\u00bb text_line_height=\u00bb1.3em\u00bb custom_margin=\u00bb||12px|||\u00bb custom_padding=\u00bb19px|||||\u00bb global_colors_info=\u00bb{}\u00bb]<\/p>\n<p><strong><span>Filippo Vignolo Y\u00e1\u00f1ez<\/span><\/strong><\/p>\n<p>[\/et_pb_text][\/et_pb_column][\/et_pb_row][et_pb_row _builder_version=\u00bb4.21.0&#8243; _module_preset=\u00bbdefault\u00bb global_colors_info=\u00bb{}\u00bb][et_pb_column type=\u00bb4_4&#8243; _builder_version=\u00bb4.21.0&#8243; _module_preset=\u00bbdefault\u00bb global_colors_info=\u00bb{}\u00bb][\/et_pb_column][\/et_pb_row][\/et_pb_section]<\/p>\n","protected":false},"excerpt":{"rendered":"<p>Somos un Preucon alma penquistaSomos el preuniversitario con m\u00e1s trayectoria en la Octava Regi\u00f3n, desde 1974 nos hemos comprometido a preparar con excelencia a estudiantes de ense\u00f1anza media y egresados, trabajando en potenciar sus habilidades cognitivas, con un fuerte apoyo vocacional que les permita enfrentar de la mejor manera sus propios desaf\u00edos. Nuestra inspiraci\u00f3n se [&hellip;]<\/p>\n","protected":false},"author":1,"featured_media":0,"parent":0,"menu_order":0,"comment_status":"closed","ping_status":"closed","template":"","meta":{"_et_pb_use_builder":"on","_et_pb_old_content":"","_et_gb_content_width":"","_joinchat":[],"footnotes":""},"class_list":["post-137","page","type-page","status-publish","hentry"],"_links":{"self":[{"href":"https:\/\/www.preuvignolo.cl\/web\/wp-json\/wp\/v2\/pages\/137","targetHints":{"allow":["GET"]}}],"collection":[{"href":"https:\/\/www.preuvignolo.cl\/web\/wp-json\/wp\/v2\/pages"}],"about":[{"href":"https:\/\/www.preuvignolo.cl\/web\/wp-json\/wp\/v2\/types\/page"}],"author":[{"embeddable":true,"href":"https:\/\/www.preuvignolo.cl\/web\/wp-json\/wp\/v2\/users\/1"}],"replies":[{"embeddable":true,"href":"https:\/\/www.preuvignolo.cl\/web\/wp-json\/wp\/v2\/comments?post=137"}],"version-history":[{"count":21,"href":"https:\/\/www.preuvignolo.cl\/web\/wp-json\/wp\/v2\/pages\/137\/revisions"}],"predecessor-version":[{"id":834,"href":"https:\/\/www.preuvignolo.cl\/web\/wp-json\/wp\/v2\/pages\/137\/revisions\/834"}],"wp:attachment":[{"href":"https:\/\/www.preuvignolo.cl\/web\/wp-json\/wp\/v2\/media?parent=137"}],"curies":[{"name":"wp","href":"https:\/\/api.w.org\/{rel}","templated":true}]}}